{"id":9,"date":"2019-05-10T20:44:26","date_gmt":"2019-05-10T18:44:26","guid":{"rendered":"https:\/\/jugendbibliothek.2ix.at\/home\/?page_id=9"},"modified":"2019-10-04T07:39:43","modified_gmt":"2019-10-04T05:39:43","slug":"hauptseite","status":"publish","type":"page","link":"https:\/\/jugendbibliothek.2ix.at\/home\/","title":{"rendered":"Johnny&#8217;s BookShelf"},"content":{"rendered":"\n<p>Johnny&#8217;s BookShelf ist eine kleine Bibliothek in der Johanneskirche.<\/p>\n\n\n\n<p>Dort kannst du christliche B\u00fccher gratis ausborgen und lesen.<\/p>\n\n\n\n<p>Hier werden wir immer wieder Informationen teilen.<\/p>\n\n\n\n<p>In unserem Forum kannst du W\u00fcnsche \u00e4u\u00dfern, dir B\u00fccher reservieren oder neue B\u00fccher w\u00fcnschen.<\/p>\n\n\n\n<p>Im Wiki kannst du Bewertungen zu B\u00fcchern lesen die schon jemand vor dir gelesen hat.<\/p>\n\n\n\n<p><\/p>\n","protected":false},"excerpt":{"rendered":"<p>Johnny&#8217;s BookShelf ist eine kleine Bibliothek in der Johanneskirche. Dort kannst du christliche B\u00fccher gratis ausborgen und lesen. Hier werden wir immer wieder Informationen teilen. In unserem Forum kannst du W\u00fcnsche \u00e4u\u00dfern, dir B\u00fccher reservieren&#8230;<\/p>\n","protected":false},"author":1,"featured_media":0,"parent":0,"menu_order":0,"comment_status":"closed","ping_status":"closed","template":"","meta":{"footnotes":""},"class_list":["post-9","page","type-page","status-publish","hentry"],"yoast_head":"<!-- This site is optimized with the Yoast SEO plugin v27.6 - https:\/\/yoast.com\/product\/yoast-seo-wordpress\/ -->\n<title>Johnny&#039;s BookShelf - Johnny&#039;s Bookshelf<\/title>\n<meta name=\"robots\" content=\"index, follow, max-snippet:-1, max-image-preview:large, max-video-preview:-1\" \/>\n<link rel=\"canonical\" href=\"https:\/\/jugendbibliothek.2ix.at\/home\/\" \/>\n<meta property=\"og:locale\" content=\"de_DE\" \/>\n<meta property=\"og:type\" content=\"article\" \/>\n<meta property=\"og:title\" content=\"Johnny&#039;s BookShelf - Johnny&#039;s Bookshelf\" \/>\n<meta property=\"og:description\" content=\"Johnny&#8217;s BookShelf ist eine kleine Bibliothek in der Johanneskirche. Dort kannst du christliche B\u00fccher gratis ausborgen und lesen. Hier werden wir immer wieder Informationen teilen. In unserem Forum kannst du W\u00fcnsche \u00e4u\u00dfern, dir B\u00fccher reservieren...\" \/>\n<meta property=\"og:url\" content=\"https:\/\/jugendbibliothek.2ix.at\/home\/\" \/>\n<meta property=\"og:site_name\" content=\"Johnny&#039;s Bookshelf\" \/>\n<meta property=\"article:modified_time\" content=\"2019-10-04T05:39:43+00:00\" \/>\n<meta name=\"twitter:card\" content=\"summary_large_image\" \/>\n<script type=\"application\/ld+json\" class=\"yoast-schema-graph\">{\"@context\":\"https:\\\/\\\/schema.org\",\"@graph\":[{\"@type\":\"WebPage\",\"@id\":\"https:\\\/\\\/jugendbibliothek.2ix.at\\\/home\\\/\",\"url\":\"https:\\\/\\\/jugendbibliothek.2ix.at\\\/home\\\/\",\"name\":\"Johnny's BookShelf - Johnny&#039;s Bookshelf\",\"isPartOf\":{\"@id\":\"https:\\\/\\\/jugendbibliothek.2ix.at\\\/home\\\/#website\"},\"datePublished\":\"2019-05-10T18:44:26+00:00\",\"dateModified\":\"2019-10-04T05:39:43+00:00\",\"breadcrumb\":{\"@id\":\"https:\\\/\\\/jugendbibliothek.2ix.at\\\/home\\\/#breadcrumb\"},\"inLanguage\":\"de\",\"potentialAction\":[{\"@type\":\"ReadAction\",\"target\":[\"https:\\\/\\\/jugendbibliothek.2ix.at\\\/home\\\/\"]}]},{\"@type\":\"BreadcrumbList\",\"@id\":\"https:\\\/\\\/jugendbibliothek.2ix.at\\\/home\\\/#breadcrumb\",\"itemListElement\":[{\"@type\":\"ListItem\",\"position\":1,\"name\":\"Startseite\",\"item\":\"https:\\\/\\\/jugendbibliothek.2ix.at\\\/home\\\/\"},{\"@type\":\"ListItem\",\"position\":2,\"name\":\"Johnny&#8217;s BookShelf\"}]},{\"@type\":\"WebSite\",\"@id\":\"https:\\\/\\\/jugendbibliothek.2ix.at\\\/home\\\/#website\",\"url\":\"https:\\\/\\\/jugendbibliothek.2ix.at\\\/home\\\/\",\"name\":\"Johnny&#039;s Bookshelf\",\"description\":\"Jugendbibliothek der Johanneskirche\",\"potentialAction\":[{\"@type\":\"SearchAction\",\"target\":{\"@type\":\"EntryPoint\",\"urlTemplate\":\"https:\\\/\\\/jugendbibliothek.2ix.at\\\/home\\\/?s={search_term_string}\"},\"query-input\":{\"@type\":\"PropertyValueSpecification\",\"valueRequired\":true,\"valueName\":\"search_term_string\"}}],\"inLanguage\":\"de\"}]}<\/script>\n<!-- \/ Yoast SEO plugin. -->","yoast_head_json":{"title":"Johnny's BookShelf - Johnny&#039;s Bookshelf","robots":{"index":"index","follow":"follow","max-snippet":"max-snippet:-1","max-image-preview":"max-image-preview:large","max-video-preview":"max-video-preview:-1"},"canonical":"https:\/\/jugendbibliothek.2ix.at\/home\/","og_locale":"de_DE","og_type":"article","og_title":"Johnny's BookShelf - Johnny&#039;s Bookshelf","og_description":"Johnny&#8217;s BookShelf ist eine kleine Bibliothek in der Johanneskirche. Dort kannst du christliche B\u00fccher gratis ausborgen und lesen. Hier werden wir immer wieder Informationen teilen. In unserem Forum kannst du W\u00fcnsche \u00e4u\u00dfern, dir B\u00fccher reservieren...","og_url":"https:\/\/jugendbibliothek.2ix.at\/home\/","og_site_name":"Johnny&#039;s Bookshelf","article_modified_time":"2019-10-04T05:39:43+00:00","twitter_card":"summary_large_image","schema":{"@context":"https:\/\/schema.org","@graph":[{"@type":"WebPage","@id":"https:\/\/jugendbibliothek.2ix.at\/home\/","url":"https:\/\/jugendbibliothek.2ix.at\/home\/","name":"Johnny's BookShelf - Johnny&#039;s Bookshelf","isPartOf":{"@id":"https:\/\/jugendbibliothek.2ix.at\/home\/#website"},"datePublished":"2019-05-10T18:44:26+00:00","dateModified":"2019-10-04T05:39:43+00:00","breadcrumb":{"@id":"https:\/\/jugendbibliothek.2ix.at\/home\/#breadcrumb"},"inLanguage":"de","potentialAction":[{"@type":"ReadAction","target":["https:\/\/jugendbibliothek.2ix.at\/home\/"]}]},{"@type":"BreadcrumbList","@id":"https:\/\/jugendbibliothek.2ix.at\/home\/#breadcrumb","itemListElement":[{"@type":"ListItem","position":1,"name":"Startseite","item":"https:\/\/jugendbibliothek.2ix.at\/home\/"},{"@type":"ListItem","position":2,"name":"Johnny&#8217;s BookShelf"}]},{"@type":"WebSite","@id":"https:\/\/jugendbibliothek.2ix.at\/home\/#website","url":"https:\/\/jugendbibliothek.2ix.at\/home\/","name":"Johnny&#039;s Bookshelf","description":"Jugendbibliothek der Johanneskirche","potentialAction":[{"@type":"SearchAction","target":{"@type":"EntryPoint","urlTemplate":"https:\/\/jugendbibliothek.2ix.at\/home\/?s={search_term_string}"},"query-input":{"@type":"PropertyValueSpecification","valueRequired":true,"valueName":"search_term_string"}}],"inLanguage":"de"}]}},"_links":{"self":[{"href":"https:\/\/jugendbibliothek.2ix.at\/home\/wp-json\/wp\/v2\/pages\/9","targetHints":{"allow":["GET"]}}],"collection":[{"href":"https:\/\/jugendbibliothek.2ix.at\/home\/wp-json\/wp\/v2\/pages"}],"about":[{"href":"https:\/\/jugendbibliothek.2ix.at\/home\/wp-json\/wp\/v2\/types\/page"}],"author":[{"embeddable":true,"href":"https:\/\/jugendbibliothek.2ix.at\/home\/wp-json\/wp\/v2\/users\/1"}],"replies":[{"embeddable":true,"href":"https:\/\/jugendbibliothek.2ix.at\/home\/wp-json\/wp\/v2\/comments?post=9"}],"version-history":[{"count":3,"href":"https:\/\/jugendbibliothek.2ix.at\/home\/wp-json\/wp\/v2\/pages\/9\/revisions"}],"predecessor-version":[{"id":79,"href":"https:\/\/jugendbibliothek.2ix.at\/home\/wp-json\/wp\/v2\/pages\/9\/revisions\/79"}],"wp:attachment":[{"href":"https:\/\/jugendbibliothek.2ix.at\/home\/wp-json\/wp\/v2\/media?parent=9"}],"curies":[{"name":"wp","href":"https:\/\/api.w.org\/{rel}","templated":true}]}}